{"id":6,"date":"2020-11-05T17:48:45","date_gmt":"2020-11-05T17:48:45","guid":{"rendered":"https:\/\/inscripciones.casariche.es\/index.php\/tienda\/"},"modified":"2024-01-18T12:55:14","modified_gmt":"2024-01-18T11:55:14","slug":"tienda","status":"publish","type":"page","link":"https:\/\/inscripciones.casariche.es\/","title":{"rendered":"Inscripciones"},"content":{"rendered":"\n<figure class=\"wp-block-pullquote is-style-default has-border-color has-small-font-size\" style=\"border-color:var(--nv-primary-accent)\"><blockquote><p>LAS INSCRIPCIONES PARA LOS TALLERES DEPORTIVOS <strong>ESTAR\u00c1N ACTIVAS DEL 1 AL 7 DE CADA MES<\/strong><\/p><cite>EN CASO DE QUE SE HAYA CUMPLIDO EL PLAZO O PARA RESOLVER CUALQUIER DUDA O INCONVENIENTE, POR FAVOR, DIR\u00cdJANSE AL T\u00c9CNICO DEPORTIVO FRANCISCO JOS\u00c9 FLORIDO<\/cite><\/blockquote><\/figure>\n\n\n\n<div style=\"height:40px\" aria-hidden=\"true\" class=\"wp-block-spacer\"><\/div>\n\n\n\n<div data-align-buttons=\"false\" data-block-name=\"woocommerce\/all-products\" data-columns=\"3\" data-content-visibility=\"{&quot;orderBy&quot;:false}\" data-layout-config=\"[[&quot;woocommerce\\\/product-image&quot;],[&quot;woocommerce\\\/product-title&quot;],[&quot;woocommerce\\\/product-price&quot;],[&quot;woocommerce\\\/product-rating&quot;],[&quot;woocommerce\\\/product-button&quot;]]\" data-orderby=\"date\" data-rows=\"6\" class=\"wp-block-woocommerce-all-products wc-block-all-products\" data-attributes=\"{&quot;alignButtons&quot;:false,&quot;columns&quot;:3,&quot;contentVisibility&quot;:{&quot;orderBy&quot;:false},&quot;isPreview&quot;:false,&quot;layoutConfig&quot;:[[&quot;woocommerce\/product-image&quot;],[&quot;woocommerce\/product-title&quot;],[&quot;woocommerce\/product-price&quot;],[&quot;woocommerce\/product-rating&quot;],[&quot;woocommerce\/product-button&quot;]],&quot;orderby&quot;:&quot;date&quot;,&quot;rows&quot;:6}\"><\/div>\n","protected":false},"excerpt":{"rendered":"<p>LAS INSCRIPCIONES PARA LOS TALLERES DEPORTIVOS ESTAR\u00c1N ACTIVAS DEL 1 AL 7 DE CADA MES EN CASO DE QUE SE HAYA CUMPLIDO EL PLAZO O PARA RESOLVER CUALQUIER DUDA O INCONVENIENTE, POR FAVOR, DIR\u00cdJANSE AL T\u00c9CNICO DEPORTIVO FRANCISCO JOS\u00c9 FLORIDO<\/p>\n","protected":false},"author":1,"featured_media":0,"parent":0,"menu_order":0,"comment_status":"closed","ping_status":"closed","template":"","meta":{"neve_meta_sidebar":"","neve_meta_container":"","neve_meta_enable_content_width":"","neve_meta_content_width":0,"neve_meta_title_alignment":"","neve_meta_author_avatar":"","neve_post_elements_order":"","neve_meta_disable_header":"","neve_meta_disable_footer":"","neve_meta_disable_title":"on","footnotes":""},"class_list":["post-6","page","type-page","status-publish","hentry"],"_links":{"self":[{"href":"https:\/\/inscripciones.casariche.es\/index.php\/wp-json\/wp\/v2\/pages\/6","targetHints":{"allow":["GET"]}}],"collection":[{"href":"https:\/\/inscripciones.casariche.es\/index.php\/wp-json\/wp\/v2\/pages"}],"about":[{"href":"https:\/\/inscripciones.casariche.es\/index.php\/wp-json\/wp\/v2\/types\/page"}],"author":[{"embeddable":true,"href":"https:\/\/inscripciones.casariche.es\/index.php\/wp-json\/wp\/v2\/users\/1"}],"replies":[{"embeddable":true,"href":"https:\/\/inscripciones.casariche.es\/index.php\/wp-json\/wp\/v2\/comments?post=6"}],"version-history":[{"count":23,"href":"https:\/\/inscripciones.casariche.es\/index.php\/wp-json\/wp\/v2\/pages\/6\/revisions"}],"predecessor-version":[{"id":13413,"href":"https:\/\/inscripciones.casariche.es\/index.php\/wp-json\/wp\/v2\/pages\/6\/revisions\/13413"}],"wp:attachment":[{"href":"https:\/\/inscripciones.casariche.es\/index.php\/wp-json\/wp\/v2\/media?parent=6"}],"curies":[{"name":"wp","href":"https:\/\/api.w.org\/{rel}","templated":true}]}}